{"id":95782,"date":"2020-09-11T08:25:42","date_gmt":"2020-09-11T08:25:42","guid":{"rendered":"https:\/\/oboemuebles.com\/muebles-diseno-decoracion-malaga-marbella\/este-flexform-esteflexform77\/"},"modified":"2022-11-14T08:19:50","modified_gmt":"2022-11-14T08:19:50","slug":"este-flexform-esteflexform77","status":"publish","type":"product","link":"https:\/\/pre.oboemuebles.com\/en\/producto\/este-flexform-esteflexform77\/","title":{"rendered":"ESTE"},"content":{"rendered":"","protected":false},"excerpt":{"rendered":"<p>La familia de mesas de centro Este, originalmente dise\u00f1ada como un complemento ideal para los sof\u00e1s del mismo nombre, revela en realidad una fuerte personalidad que permite que estas mesas acompa\u00f1en con estilo y elegancia a todos los asientos de la colecci\u00f3n Flexform. La elecci\u00f3n de materiales sofisticados es un contrapunto al dise\u00f1o puro y esencial. Las bases reflejan el dise\u00f1o de las de los sof\u00e1s y est\u00e1n hechas de metal en los acabados satinado, cromado, bru\u00f1ido, cromado negro y champ\u00e1n. Los tableros est\u00e1n disponibles en las versiones de madera \u2013nogal americano o fresno barnizados una amplia gama de refinados tonos\u2013, lacados en una original paleta de colores o en m\u00e1rmoles preciosos como Calacatta Oro, Emperador, Negro Marquina y Blanco Carrara.<\/p>\n","protected":false},"featured_media":64590,"template":"","meta":{"content-type":""},"pwb-brand":[2127],"product_cat":[1271,1286,1300],"product_tag":[1379],"acf":[],"yoast_head":"<!-- This site is optimized with the Yoast SEO plugin v23.0 - https:\/\/yoast.com\/wordpress\/plugins\/seo\/ -->\n<title>ESTE by FLEXFORM<\/title>\n<meta name=\"description\" content=\"La familia de mesas de centro Este, originalmente dise\u00f1ada como un complemento ideal para los sof\u00e1s del mismo nombre...\" \/>\n<meta name=\"robots\" content=\"noindex, follow, max-snippet:-1, max-image-preview:large, max-video-preview:-1\" \/>\n<meta property=\"og:locale\" content=\"en_US\" \/>\n<meta property=\"og:type\" content=\"article\" \/>\n<meta property=\"og:title\" content=\"ESTE by FLEXFORM\" \/>\n<meta property=\"og:description\" content=\"La familia de mesas de centro Este, originalmente dise\u00f1ada como un complemento ideal para los sof\u00e1s del mismo nombre...\" \/>\n<meta property=\"og:url\" content=\"https:\/\/pre.oboemuebles.com\/en\/producto\/este-flexform-esteflexform77\/\" \/>\n<meta property=\"og:site_name\" content=\"OBOE - Furniture store and designer kitchens in Malaga and Marbella\" \/>\n<meta property=\"article:modified_time\" content=\"2022-11-14T08:19:50+00:00\" \/>\n<meta property=\"og:image\" content=\"https:\/\/pre.oboemuebles.com\/wp-content\/uploads\/2020\/09\/FLEXFORM-ESTE-1.jpg\" \/>\n\t<meta property=\"og:image:width\" content=\"900\" \/>\n\t<meta property=\"og:image:height\" content=\"900\" \/>\n\t<meta property=\"og:image:type\" content=\"image\/jpeg\" \/>\n<meta name=\"twitter:card\" content=\"summary_large_image\" \/>\n<script type=\"application\/ld+json\" class=\"yoast-schema-graph\">{\"@context\":\"https:\/\/schema.org\",\"@graph\":[{\"@type\":\"WebPage\",\"@id\":\"https:\/\/pre.oboemuebles.com\/en\/producto\/este-flexform-esteflexform77\/\",\"url\":\"https:\/\/pre.oboemuebles.com\/en\/producto\/este-flexform-esteflexform77\/\",\"name\":\"ESTE by FLEXFORM\",\"isPartOf\":{\"@id\":\"https:\/\/pre.oboemuebles.com\/en\/#website\"},\"primaryImageOfPage\":{\"@id\":\"https:\/\/pre.oboemuebles.com\/en\/producto\/este-flexform-esteflexform77\/#primaryimage\"},\"image\":{\"@id\":\"https:\/\/pre.oboemuebles.com\/en\/producto\/este-flexform-esteflexform77\/#primaryimage\"},\"thumbnailUrl\":\"https:\/\/pre.oboemuebles.com\/wp-content\/uploads\/2020\/09\/FLEXFORM-ESTE-1.jpg\",\"datePublished\":\"2020-09-11T08:25:42+00:00\",\"dateModified\":\"2022-11-14T08:19:50+00:00\",\"description\":\"La familia de mesas de centro Este, originalmente dise\u00f1ada como un complemento ideal para los sof\u00e1s del mismo nombre...\",\"breadcrumb\":{\"@id\":\"https:\/\/pre.oboemuebles.com\/en\/producto\/este-flexform-esteflexform77\/#breadcrumb\"},\"inLanguage\":\"en-US\",\"potentialAction\":[{\"@type\":\"ReadAction\",\"target\":[\"https:\/\/pre.oboemuebles.com\/en\/producto\/este-flexform-esteflexform77\/\"]}]},{\"@type\":\"ImageObject\",\"inLanguage\":\"en-US\",\"@id\":\"https:\/\/pre.oboemuebles.com\/en\/producto\/este-flexform-esteflexform77\/#primaryimage\",\"url\":\"https:\/\/pre.oboemuebles.com\/wp-content\/uploads\/2020\/09\/FLEXFORM-ESTE-1.jpg\",\"contentUrl\":\"https:\/\/pre.oboemuebles.com\/wp-content\/uploads\/2020\/09\/FLEXFORM-ESTE-1.jpg\",\"width\":900,\"height\":900},{\"@type\":\"BreadcrumbList\",\"@id\":\"https:\/\/pre.oboemuebles.com\/en\/producto\/este-flexform-esteflexform77\/#breadcrumb\",\"itemListElement\":[{\"@type\":\"ListItem\",\"position\":1,\"name\":\"Portada\",\"item\":\"https:\/\/pre.oboemuebles.com\/en\/\"},{\"@type\":\"ListItem\",\"position\":2,\"name\":\"default shop\",\"item\":\"https:\/\/pre.oboemuebles.com\/shop\/default-shop\/\"},{\"@type\":\"ListItem\",\"position\":3,\"name\":\"ESTE\"}]},{\"@type\":\"WebSite\",\"@id\":\"https:\/\/pre.oboemuebles.com\/en\/#website\",\"url\":\"https:\/\/pre.oboemuebles.com\/en\/\",\"name\":\"OBOE - Furniture store and designer kitchens in Malaga and Marbella\",\"description\":\"Modern furniture, high quality kitchens and decoration in Malaga and Marbella\",\"potentialAction\":[{\"@type\":\"SearchAction\",\"target\":{\"@type\":\"EntryPoint\",\"urlTemplate\":\"https:\/\/pre.oboemuebles.com\/en\/?s={search_term_string}\"},\"query-input\":\"required name=search_term_string\"}],\"inLanguage\":\"en-US\"}]}<\/script>\n<!-- \/ Yoast SEO plugin. -->","yoast_head_json":{"title":"ESTE by FLEXFORM","description":"La familia de mesas de centro Este, originalmente dise\u00f1ada como un complemento ideal para los sof\u00e1s del mismo nombre...","robots":{"index":"noindex","follow":"follow","max-snippet":"max-snippet:-1","max-image-preview":"max-image-preview:large","max-video-preview":"max-video-preview:-1"},"og_locale":"en_US","og_type":"article","og_title":"ESTE by FLEXFORM","og_description":"La familia de mesas de centro Este, originalmente dise\u00f1ada como un complemento ideal para los sof\u00e1s del mismo nombre...","og_url":"https:\/\/pre.oboemuebles.com\/en\/producto\/este-flexform-esteflexform77\/","og_site_name":"OBOE - Furniture store and designer kitchens in Malaga and Marbella","article_modified_time":"2022-11-14T08:19:50+00:00","og_image":[{"width":900,"height":900,"url":"https:\/\/pre.oboemuebles.com\/wp-content\/uploads\/2020\/09\/FLEXFORM-ESTE-1.jpg","type":"image\/jpeg"}],"twitter_card":"summary_large_image","schema":{"@context":"https:\/\/schema.org","@graph":[{"@type":"WebPage","@id":"https:\/\/pre.oboemuebles.com\/en\/producto\/este-flexform-esteflexform77\/","url":"https:\/\/pre.oboemuebles.com\/en\/producto\/este-flexform-esteflexform77\/","name":"ESTE by FLEXFORM","isPartOf":{"@id":"https:\/\/pre.oboemuebles.com\/en\/#website"},"primaryImageOfPage":{"@id":"https:\/\/pre.oboemuebles.com\/en\/producto\/este-flexform-esteflexform77\/#primaryimage"},"image":{"@id":"https:\/\/pre.oboemuebles.com\/en\/producto\/este-flexform-esteflexform77\/#primaryimage"},"thumbnailUrl":"https:\/\/pre.oboemuebles.com\/wp-content\/uploads\/2020\/09\/FLEXFORM-ESTE-1.jpg","datePublished":"2020-09-11T08:25:42+00:00","dateModified":"2022-11-14T08:19:50+00:00","description":"La familia de mesas de centro Este, originalmente dise\u00f1ada como un complemento ideal para los sof\u00e1s del mismo nombre...","breadcrumb":{"@id":"https:\/\/pre.oboemuebles.com\/en\/producto\/este-flexform-esteflexform77\/#breadcrumb"},"inLanguage":"en-US","potentialAction":[{"@type":"ReadAction","target":["https:\/\/pre.oboemuebles.com\/en\/producto\/este-flexform-esteflexform77\/"]}]},{"@type":"ImageObject","inLanguage":"en-US","@id":"https:\/\/pre.oboemuebles.com\/en\/producto\/este-flexform-esteflexform77\/#primaryimage","url":"https:\/\/pre.oboemuebles.com\/wp-content\/uploads\/2020\/09\/FLEXFORM-ESTE-1.jpg","contentUrl":"https:\/\/pre.oboemuebles.com\/wp-content\/uploads\/2020\/09\/FLEXFORM-ESTE-1.jpg","width":900,"height":900},{"@type":"BreadcrumbList","@id":"https:\/\/pre.oboemuebles.com\/en\/producto\/este-flexform-esteflexform77\/#breadcrumb","itemListElement":[{"@type":"ListItem","position":1,"name":"Portada","item":"https:\/\/pre.oboemuebles.com\/en\/"},{"@type":"ListItem","position":2,"name":"default shop","item":"https:\/\/pre.oboemuebles.com\/shop\/default-shop\/"},{"@type":"ListItem","position":3,"name":"ESTE"}]},{"@type":"WebSite","@id":"https:\/\/pre.oboemuebles.com\/en\/#website","url":"https:\/\/pre.oboemuebles.com\/en\/","name":"OBOE - Furniture store and designer kitchens in Malaga and Marbella","description":"Modern furniture, high quality kitchens and decoration in Malaga and Marbella","potentialAction":[{"@type":"SearchAction","target":{"@type":"EntryPoint","urlTemplate":"https:\/\/pre.oboemuebles.com\/en\/?s={search_term_string}"},"query-input":"required name=search_term_string"}],"inLanguage":"en-US"}]}},"brands":[{"id":2127,"name":"Flexform","slug":"flexform"}],"_links":{"self":[{"href":"https:\/\/pre.oboemuebles.com\/en\/wp-json\/wp\/v2\/product\/95782"}],"collection":[{"href":"https:\/\/pre.oboemuebles.com\/en\/wp-json\/wp\/v2\/product"}],"about":[{"href":"https:\/\/pre.oboemuebles.com\/en\/wp-json\/wp\/v2\/types\/product"}],"wp:featuredmedia":[{"embeddable":true,"href":"https:\/\/pre.oboemuebles.com\/en\/wp-json\/wp\/v2\/media\/64590"}],"wp:attachment":[{"href":"https:\/\/pre.oboemuebles.com\/en\/wp-json\/wp\/v2\/media?parent=95782"}],"wp:term":[{"taxonomy":"pwb-brand","embeddable":true,"href":"https:\/\/pre.oboemuebles.com\/en\/wp-json\/wp\/v2\/pwb-brand?post=95782"},{"taxonomy":"product_cat","embeddable":true,"href":"https:\/\/pre.oboemuebles.com\/en\/wp-json\/wp\/v2\/product_cat?post=95782"},{"taxonomy":"product_tag","embeddable":true,"href":"https:\/\/pre.oboemuebles.com\/en\/wp-json\/wp\/v2\/product_tag?post=95782"}],"curies":[{"name":"wp","href":"https:\/\/api.w.org\/{rel}","templated":true}]}}