{"id":95907,"date":"2020-09-11T08:08:48","date_gmt":"2020-09-11T08:08:48","guid":{"rendered":"https:\/\/oboemuebles.com\/muebles-diseno-decoracion-malaga-marbella\/indomptee-elitis-indompteeelitis1078\/"},"modified":"2022-11-15T12:20:31","modified_gmt":"2022-11-15T12:20:31","slug":"indomptee-elitis-indompteeelitis1078","status":"publish","type":"product","link":"https:\/\/pre.oboemuebles.com\/en\/producto\/indomptee-elitis-indompteeelitis1078\/","title":{"rendered":"INDOMPTEE WALLPAPER"},"content":{"rendered":"","protected":false},"excerpt":{"rendered":"<p>After the iconic collections &#8220;Natives&#8221; and &#8220;M\u00e9moires&#8221;, comes the &#8220;Indompt\u00e9e&#8221; collection with different reliefs and deep colours. Pioneer in the interleaving of leathers, \u00c9litis has created two new embossings and a renewed range of plains with sophisticated nuances. Large squares, wide rectangles, and small checkerboards make up these assemblages in which shadows and colors draw brushed nuances following the direction of the pile. The great quality of execution awakens the sense of touch and inevitably encourages us to caress these new textures with the tips of our fingers.<\/p>\n","protected":false},"featured_media":63200,"template":"","meta":{"content-type":""},"pwb-brand":[2124],"product_cat":[1103,1275],"product_tag":[],"acf":[],"yoast_head":"<!-- This site is optimized with the Yoast SEO plugin v23.0 - https:\/\/yoast.com\/wordpress\/plugins\/seo\/ -->\n<title>INDOMPTEE WALLPAPER de Elitis<\/title>\n<meta name=\"description\" content=\"INDOMPTEE WALLPAPER by \u00c9LITIS at Oboe Muebles.\u2026\" \/>\n<meta name=\"robots\" content=\"noindex, follow, max-snippet:-1, max-image-preview:large, max-video-preview:-1\" \/>\n<meta property=\"og:locale\" content=\"en_US\" \/>\n<meta property=\"og:type\" content=\"article\" \/>\n<meta property=\"og:title\" content=\"INDOMPTEE WALLPAPER de Elitis\" \/>\n<meta property=\"og:description\" content=\"INDOMPTEE WALLPAPER by \u00c9LITIS at Oboe Muebles.\u2026\" \/>\n<meta property=\"og:url\" content=\"https:\/\/pre.oboemuebles.com\/en\/producto\/indomptee-elitis-indompteeelitis1078\/\" \/>\n<meta property=\"og:site_name\" content=\"OBOE - Furniture store and designer kitchens in Malaga and Marbella\" \/>\n<meta property=\"article:modified_time\" content=\"2022-11-15T12:20:31+00:00\" \/>\n<meta property=\"og:image\" content=\"https:\/\/pre.oboemuebles.com\/wp-content\/uploads\/2020\/09\/ELITIS-INDOMPTEE-1.jpg\" \/>\n\t<meta property=\"og:image:width\" content=\"900\" \/>\n\t<meta property=\"og:image:height\" content=\"900\" \/>\n\t<meta property=\"og:image:type\" content=\"image\/jpeg\" \/>\n<meta name=\"twitter:card\" content=\"summary_large_image\" \/>\n<script type=\"application\/ld+json\" class=\"yoast-schema-graph\">{\"@context\":\"https:\/\/schema.org\",\"@graph\":[{\"@type\":\"WebPage\",\"@id\":\"https:\/\/pre.oboemuebles.com\/en\/producto\/indomptee-elitis-indompteeelitis1078\/\",\"url\":\"https:\/\/pre.oboemuebles.com\/en\/producto\/indomptee-elitis-indompteeelitis1078\/\",\"name\":\"INDOMPTEE WALLPAPER de Elitis\",\"isPartOf\":{\"@id\":\"https:\/\/pre.oboemuebles.com\/en\/#website\"},\"primaryImageOfPage\":{\"@id\":\"https:\/\/pre.oboemuebles.com\/en\/producto\/indomptee-elitis-indompteeelitis1078\/#primaryimage\"},\"image\":{\"@id\":\"https:\/\/pre.oboemuebles.com\/en\/producto\/indomptee-elitis-indompteeelitis1078\/#primaryimage\"},\"thumbnailUrl\":\"https:\/\/pre.oboemuebles.com\/wp-content\/uploads\/2020\/09\/ELITIS-INDOMPTEE-1.jpg\",\"datePublished\":\"2020-09-11T08:08:48+00:00\",\"dateModified\":\"2022-11-15T12:20:31+00:00\",\"description\":\"INDOMPTEE WALLPAPER by \u00c9LITIS at Oboe Muebles.\u2026\",\"breadcrumb\":{\"@id\":\"https:\/\/pre.oboemuebles.com\/en\/producto\/indomptee-elitis-indompteeelitis1078\/#breadcrumb\"},\"inLanguage\":\"en-US\",\"potentialAction\":[{\"@type\":\"ReadAction\",\"target\":[\"https:\/\/pre.oboemuebles.com\/en\/producto\/indomptee-elitis-indompteeelitis1078\/\"]}]},{\"@type\":\"ImageObject\",\"inLanguage\":\"en-US\",\"@id\":\"https:\/\/pre.oboemuebles.com\/en\/producto\/indomptee-elitis-indompteeelitis1078\/#primaryimage\",\"url\":\"https:\/\/pre.oboemuebles.com\/wp-content\/uploads\/2020\/09\/ELITIS-INDOMPTEE-1.jpg\",\"contentUrl\":\"https:\/\/pre.oboemuebles.com\/wp-content\/uploads\/2020\/09\/ELITIS-INDOMPTEE-1.jpg\",\"width\":900,\"height\":900},{\"@type\":\"BreadcrumbList\",\"@id\":\"https:\/\/pre.oboemuebles.com\/en\/producto\/indomptee-elitis-indompteeelitis1078\/#breadcrumb\",\"itemListElement\":[{\"@type\":\"ListItem\",\"position\":1,\"name\":\"Portada\",\"item\":\"https:\/\/pre.oboemuebles.com\/en\/\"},{\"@type\":\"ListItem\",\"position\":2,\"name\":\"default shop\",\"item\":\"https:\/\/pre.oboemuebles.com\/shop\/default-shop\/\"},{\"@type\":\"ListItem\",\"position\":3,\"name\":\"INDOMPTEE WALLPAPER\"}]},{\"@type\":\"WebSite\",\"@id\":\"https:\/\/pre.oboemuebles.com\/en\/#website\",\"url\":\"https:\/\/pre.oboemuebles.com\/en\/\",\"name\":\"OBOE - Furniture store and designer kitchens in Malaga and Marbella\",\"description\":\"Modern furniture, high quality kitchens and decoration in Malaga and Marbella\",\"potentialAction\":[{\"@type\":\"SearchAction\",\"target\":{\"@type\":\"EntryPoint\",\"urlTemplate\":\"https:\/\/pre.oboemuebles.com\/en\/?s={search_term_string}\"},\"query-input\":\"required name=search_term_string\"}],\"inLanguage\":\"en-US\"}]}<\/script>\n<!-- \/ Yoast SEO plugin. -->","yoast_head_json":{"title":"INDOMPTEE WALLPAPER de Elitis","description":"INDOMPTEE WALLPAPER by \u00c9LITIS at Oboe Muebles.\u2026","robots":{"index":"noindex","follow":"follow","max-snippet":"max-snippet:-1","max-image-preview":"max-image-preview:large","max-video-preview":"max-video-preview:-1"},"og_locale":"en_US","og_type":"article","og_title":"INDOMPTEE WALLPAPER de Elitis","og_description":"INDOMPTEE WALLPAPER by \u00c9LITIS at Oboe Muebles.\u2026","og_url":"https:\/\/pre.oboemuebles.com\/en\/producto\/indomptee-elitis-indompteeelitis1078\/","og_site_name":"OBOE - Furniture store and designer kitchens in Malaga and Marbella","article_modified_time":"2022-11-15T12:20:31+00:00","og_image":[{"width":900,"height":900,"url":"https:\/\/pre.oboemuebles.com\/wp-content\/uploads\/2020\/09\/ELITIS-INDOMPTEE-1.jpg","type":"image\/jpeg"}],"twitter_card":"summary_large_image","schema":{"@context":"https:\/\/schema.org","@graph":[{"@type":"WebPage","@id":"https:\/\/pre.oboemuebles.com\/en\/producto\/indomptee-elitis-indompteeelitis1078\/","url":"https:\/\/pre.oboemuebles.com\/en\/producto\/indomptee-elitis-indompteeelitis1078\/","name":"INDOMPTEE WALLPAPER de Elitis","isPartOf":{"@id":"https:\/\/pre.oboemuebles.com\/en\/#website"},"primaryImageOfPage":{"@id":"https:\/\/pre.oboemuebles.com\/en\/producto\/indomptee-elitis-indompteeelitis1078\/#primaryimage"},"image":{"@id":"https:\/\/pre.oboemuebles.com\/en\/producto\/indomptee-elitis-indompteeelitis1078\/#primaryimage"},"thumbnailUrl":"https:\/\/pre.oboemuebles.com\/wp-content\/uploads\/2020\/09\/ELITIS-INDOMPTEE-1.jpg","datePublished":"2020-09-11T08:08:48+00:00","dateModified":"2022-11-15T12:20:31+00:00","description":"INDOMPTEE WALLPAPER by \u00c9LITIS at Oboe Muebles.\u2026","breadcrumb":{"@id":"https:\/\/pre.oboemuebles.com\/en\/producto\/indomptee-elitis-indompteeelitis1078\/#breadcrumb"},"inLanguage":"en-US","potentialAction":[{"@type":"ReadAction","target":["https:\/\/pre.oboemuebles.com\/en\/producto\/indomptee-elitis-indompteeelitis1078\/"]}]},{"@type":"ImageObject","inLanguage":"en-US","@id":"https:\/\/pre.oboemuebles.com\/en\/producto\/indomptee-elitis-indompteeelitis1078\/#primaryimage","url":"https:\/\/pre.oboemuebles.com\/wp-content\/uploads\/2020\/09\/ELITIS-INDOMPTEE-1.jpg","contentUrl":"https:\/\/pre.oboemuebles.com\/wp-content\/uploads\/2020\/09\/ELITIS-INDOMPTEE-1.jpg","width":900,"height":900},{"@type":"BreadcrumbList","@id":"https:\/\/pre.oboemuebles.com\/en\/producto\/indomptee-elitis-indompteeelitis1078\/#breadcrumb","itemListElement":[{"@type":"ListItem","position":1,"name":"Portada","item":"https:\/\/pre.oboemuebles.com\/en\/"},{"@type":"ListItem","position":2,"name":"default shop","item":"https:\/\/pre.oboemuebles.com\/shop\/default-shop\/"},{"@type":"ListItem","position":3,"name":"INDOMPTEE WALLPAPER"}]},{"@type":"WebSite","@id":"https:\/\/pre.oboemuebles.com\/en\/#website","url":"https:\/\/pre.oboemuebles.com\/en\/","name":"OBOE - Furniture store and designer kitchens in Malaga and Marbella","description":"Modern furniture, high quality kitchens and decoration in Malaga and Marbella","potentialAction":[{"@type":"SearchAction","target":{"@type":"EntryPoint","urlTemplate":"https:\/\/pre.oboemuebles.com\/en\/?s={search_term_string}"},"query-input":"required name=search_term_string"}],"inLanguage":"en-US"}]}},"brands":[{"id":2124,"name":"\u00c9litis","slug":"elitis"}],"_links":{"self":[{"href":"https:\/\/pre.oboemuebles.com\/en\/wp-json\/wp\/v2\/product\/95907"}],"collection":[{"href":"https:\/\/pre.oboemuebles.com\/en\/wp-json\/wp\/v2\/product"}],"about":[{"href":"https:\/\/pre.oboemuebles.com\/en\/wp-json\/wp\/v2\/types\/product"}],"wp:featuredmedia":[{"embeddable":true,"href":"https:\/\/pre.oboemuebles.com\/en\/wp-json\/wp\/v2\/media\/63200"}],"wp:attachment":[{"href":"https:\/\/pre.oboemuebles.com\/en\/wp-json\/wp\/v2\/media?parent=95907"}],"wp:term":[{"taxonomy":"pwb-brand","embeddable":true,"href":"https:\/\/pre.oboemuebles.com\/en\/wp-json\/wp\/v2\/pwb-brand?post=95907"},{"taxonomy":"product_cat","embeddable":true,"href":"https:\/\/pre.oboemuebles.com\/en\/wp-json\/wp\/v2\/product_cat?post=95907"},{"taxonomy":"product_tag","embeddable":true,"href":"https:\/\/pre.oboemuebles.com\/en\/wp-json\/wp\/v2\/product_tag?post=95907"}],"curies":[{"name":"wp","href":"https:\/\/api.w.org\/{rel}","templated":true}]}}